{"id":6705,"date":"2025-05-16T12:49:18","date_gmt":"2025-05-16T09:49:18","guid":{"rendered":"https:\/\/www.eestimaitse.ee\/?post_type=product&#038;p=6705"},"modified":"2026-04-18T20:04:14","modified_gmt":"2026-04-18T17:04:14","slug":"kalja-voi-koduolle-valmistamise-stardi-komplekt","status":"publish","type":"product","link":"https:\/\/www.eestimaitse.ee\/en\/product\/uudistooted\/kalja-voi-koduolle-valmistamise-stardi-komplekt\/","title":{"rendered":"Kalja v\u00f5i Kodu\u00f5lle valmistamise stardi komplekt"},"content":{"rendered":"<p>Komplekti kuulub joogipulber (3 x 150 grammi), kuivp\u00e4rm ja sidrunihape. Sellest piisab 25<br \/>\nliitri \u00f5lle v\u00f5i kodukalja valmistamiseks.<br \/>\nValmistamine:<br \/>\n1. Keeda 25 liitrit hea kvaliteediga vett, mis ei sisalda keemilisi \u00fchendeid, lase jahtuda<br \/>\numbes 30 kraadini puhtas \u00f5lleankrus.<br \/>\nVee kvaliteedist oleneb v\u00e4ga palju \u00f5lle v\u00f5i kalja maitsest!<br \/>\n2. Seej\u00e4rel lisage joogipulber anumasse ja segage hoolikalt kuniks pulber on lahustunud.<br \/>\n3. Suhkrut peate ostma-soetama iseseisvalt ja 25 liitri \u00f5lle valmistamiseks v\u00f5ite lisada 3-4<br \/>\nkilo suhkrut. Kui soovite kangemat \u00f5lut, siis v\u00f5ite kogust suurendada. Segage kuniks suhkur<br \/>\non ka lahustunud.<br \/>\n4. Segage kuivp\u00e4rm lusika t\u00e4ie suhkruga ja lusika 50 ml leige veega ning oodake kui p\u00e4rm<br \/>\nhakkab elama. Lisage p\u00e4rm, veidi sidrunhapet (mitte v\u00e4ga palju, piisab n\u00e4put\u00e4iest ) see<br \/>\nannab veidi hapuka maitse kaljale, \u00e4rge seda lisage, kui tahate ainult \u00f5lut valmistada.<br \/>\nSoovin hea joogi nautimist!<br \/>\nJoogipulbri koostis: teravili 93% (oder,rukis), sigur, pulber sisaldab looduslikke suhkruid.<br \/>\nHoida jahedas ja kuivas kohas.<\/p>\n","protected":false},"excerpt":{"rendered":"<p>Komplekti kuulub joogipulber (3 x 150 grammi), kuivp\u00e4rm ja sidrunihape. Sellest piisab 25<br \/>\nliitri \u00f5lle v\u00f5i kodukalja valmistamiseks.<br \/>\nValmistamine:<br \/>\n1. Keeda 25 liitrit hea kvaliteediga vett, mis ei sisalda keemilisi \u00fchendeid, lase jahtuda<br \/>\numbes 30 kraadini puhtas \u00f5lleankrus.<br \/>\nVee kvaliteedist oleneb v\u00e4ga palju \u00f5lle v\u00f5i kalja maitsest!<br \/>\n2. Seej\u00e4rel lisage joogipulber anumasse ja segage hoolikalt kuniks pulber on lahustunud.<br \/>\n3. Suhkrut peate ostma-soetama iseseisvalt ja 25 liitri \u00f5lle valmistamiseks v\u00f5ite lisada 3-4<br \/>\nkilo suhkrut. Kui soovite kangemat \u00f5lut, siis v\u00f5ite kogust suurendada. Segage kuniks suhkur<br \/>\non ka lahustunud.<br \/>\n4. Segage kuivp\u00e4rm lusika t\u00e4ie suhkruga ja lusika 50 ml leige veega ning oodake kui p\u00e4rm<br \/>\nhakkab elama. Lisage p\u00e4rm, veidi sidrunhapet (mitte v\u00e4ga palju, piisab n\u00e4put\u00e4iest ) see<br \/>\nannab veidi hapuka maitse kaljale, \u00e4rge seda lisage, kui tahate ainult \u00f5lut valmistada.<br \/>\nSoovin hea joogi nautimist!<br \/>\nJoogipulbri koostis: teravili 93% (oder,rukis), sigur, pulber sisaldab looduslikke suhkruid.<br \/>\nHoida jahedas ja kuivas kohas.<\/p>\n","protected":false},"featured_media":7222,"comment_status":"open","ping_status":"closed","template":"","meta":[],"product_brand":[],"product_cat":[130],"product_tag":[],"class_list":{"0":"post-6705","1":"product","2":"type-product","3":"status-publish","4":"has-post-thumbnail","6":"product_cat-uudistooted","8":"first","9":"instock","10":"taxable","11":"shipping-taxable","12":"purchasable","13":"product-type-simple"},"_links":{"self":[{"href":"https:\/\/www.eestimaitse.ee\/en\/wp-json\/wp\/v2\/product\/6705","targetHints":{"allow":["GET"]}}],"collection":[{"href":"https:\/\/www.eestimaitse.ee\/en\/wp-json\/wp\/v2\/product"}],"about":[{"href":"https:\/\/www.eestimaitse.ee\/en\/wp-json\/wp\/v2\/types\/product"}],"replies":[{"embeddable":true,"href":"https:\/\/www.eestimaitse.ee\/en\/wp-json\/wp\/v2\/comments?post=6705"}],"wp:featuredmedia":[{"embeddable":true,"href":"https:\/\/www.eestimaitse.ee\/en\/wp-json\/wp\/v2\/media\/7222"}],"wp:attachment":[{"href":"https:\/\/www.eestimaitse.ee\/en\/wp-json\/wp\/v2\/media?parent=6705"}],"wp:term":[{"taxonomy":"product_brand","embeddable":true,"href":"https:\/\/www.eestimaitse.ee\/en\/wp-json\/wp\/v2\/product_brand?post=6705"},{"taxonomy":"product_cat","embeddable":true,"href":"https:\/\/www.eestimaitse.ee\/en\/wp-json\/wp\/v2\/product_cat?post=6705"},{"taxonomy":"product_tag","embeddable":true,"href":"https:\/\/www.eestimaitse.ee\/en\/wp-json\/wp\/v2\/product_tag?post=6705"}],"curies":[{"name":"wp","href":"https:\/\/api.w.org\/{rel}","templated":true}]}}