{"id":6580,"date":"2024-07-29T19:38:21","date_gmt":"2024-07-29T16:38:21","guid":{"rendered":"https:\/\/www.eestimaitse.ee\/?post_type=product&#038;p=6580"},"modified":"2026-04-21T10:25:29","modified_gmt":"2026-04-21T07:25:29","slug":"kaitsetahe","status":"publish","type":"product","link":"https:\/\/www.eestimaitse.ee\/en\/product\/uudistooted\/kaitsetahe\/","title":{"rendered":"Kaitsetahe segu kinkekarbis"},"content":{"rendered":"<p>Uudistoode KAITSETAHE Eesti Maitselt,selle toote m\u00fc\u00fcgist saadud tulu kogume annetusena Ukraina s\u00f5durite toetuseks, segu koosneb kuivatatud ananassist, kuivatatud sidrunikoorest, pruunist suhkrust, kuivatatud ingverist ja r\u00f6stitud t\u0161illist.Juhend kasutamiseks on etiketil Eesti ja Inglise keeles! Slava Ukraini<\/p>\n","protected":false},"excerpt":{"rendered":"<p>Segu koosneb kuivatatud ananassist, kuivatatud sidrunikoorest, pruunist suhkrust, kuivatatud ingverist ja r\u00f6stitud t\u0161illist.Juhend kasutamiseks on etiketil Eesti ja Inglise keeles!<\/p>\n","protected":false},"featured_media":7241,"comment_status":"open","ping_status":"closed","template":"","meta":[],"product_brand":[],"product_cat":[130],"product_tag":[],"class_list":{"0":"post-6580","1":"product","2":"type-product","3":"status-publish","4":"has-post-thumbnail","6":"product_cat-uudistooted","8":"first","9":"instock","10":"taxable","11":"shipping-taxable","12":"purchasable","13":"product-type-simple"},"_links":{"self":[{"href":"https:\/\/www.eestimaitse.ee\/en\/wp-json\/wp\/v2\/product\/6580","targetHints":{"allow":["GET"]}}],"collection":[{"href":"https:\/\/www.eestimaitse.ee\/en\/wp-json\/wp\/v2\/product"}],"about":[{"href":"https:\/\/www.eestimaitse.ee\/en\/wp-json\/wp\/v2\/types\/product"}],"replies":[{"embeddable":true,"href":"https:\/\/www.eestimaitse.ee\/en\/wp-json\/wp\/v2\/comments?post=6580"}],"wp:featuredmedia":[{"embeddable":true,"href":"https:\/\/www.eestimaitse.ee\/en\/wp-json\/wp\/v2\/media\/7241"}],"wp:attachment":[{"href":"https:\/\/www.eestimaitse.ee\/en\/wp-json\/wp\/v2\/media?parent=6580"}],"wp:term":[{"taxonomy":"product_brand","embeddable":true,"href":"https:\/\/www.eestimaitse.ee\/en\/wp-json\/wp\/v2\/product_brand?post=6580"},{"taxonomy":"product_cat","embeddable":true,"href":"https:\/\/www.eestimaitse.ee\/en\/wp-json\/wp\/v2\/product_cat?post=6580"},{"taxonomy":"product_tag","embeddable":true,"href":"https:\/\/www.eestimaitse.ee\/en\/wp-json\/wp\/v2\/product_tag?post=6580"}],"curies":[{"name":"wp","href":"https:\/\/api.w.org\/{rel}","templated":true}]}}