{"id":6525,"date":"2024-02-11T11:02:31","date_gmt":"2024-02-11T09:02:31","guid":{"rendered":"https:\/\/www.eestimaitse.ee\/?post_type=product&#038;p=6525"},"modified":"2026-04-21T09:54:35","modified_gmt":"2026-04-21T06:54:35","slug":"tartu-2024","status":"publish","type":"product","link":"https:\/\/www.eestimaitse.ee\/en\/product\/uudistooted\/tartu-2024\/","title":{"rendered":"Tartu 2024"},"content":{"rendered":"<p>Pudeli maht 0,5L, sisaldab 40g \u00fcrdisegu<br \/>\nKasutamisjuhend: eliksiiri valmistamiseks valage viin v\u00f5i piiritus \u00fcrdisegule ja laske n\u00e4dalajagu seista<\/p>\n<p>&nbsp;<\/p>\n","protected":false},"excerpt":{"rendered":"<p>Koostis. kuivatatud j\u00f5hvikas,kaneelikoor,apelsinikoored ja roosi\u00f5ielehed,Toodetud Tartu kultuuripealinna puhuks,limiteeritud kogus !<\/p>\n","protected":false},"featured_media":7240,"comment_status":"open","ping_status":"closed","template":"","meta":[],"product_brand":[],"product_cat":[130],"product_tag":[],"class_list":{"0":"post-6525","1":"product","2":"type-product","3":"status-publish","4":"has-post-thumbnail","6":"product_cat-uudistooted","8":"first","9":"instock","10":"taxable","11":"shipping-taxable","12":"purchasable","13":"product-type-simple"},"_links":{"self":[{"href":"https:\/\/www.eestimaitse.ee\/en\/wp-json\/wp\/v2\/product\/6525","targetHints":{"allow":["GET"]}}],"collection":[{"href":"https:\/\/www.eestimaitse.ee\/en\/wp-json\/wp\/v2\/product"}],"about":[{"href":"https:\/\/www.eestimaitse.ee\/en\/wp-json\/wp\/v2\/types\/product"}],"replies":[{"embeddable":true,"href":"https:\/\/www.eestimaitse.ee\/en\/wp-json\/wp\/v2\/comments?post=6525"}],"wp:featuredmedia":[{"embeddable":true,"href":"https:\/\/www.eestimaitse.ee\/en\/wp-json\/wp\/v2\/media\/7240"}],"wp:attachment":[{"href":"https:\/\/www.eestimaitse.ee\/en\/wp-json\/wp\/v2\/media?parent=6525"}],"wp:term":[{"taxonomy":"product_brand","embeddable":true,"href":"https:\/\/www.eestimaitse.ee\/en\/wp-json\/wp\/v2\/product_brand?post=6525"},{"taxonomy":"product_cat","embeddable":true,"href":"https:\/\/www.eestimaitse.ee\/en\/wp-json\/wp\/v2\/product_cat?post=6525"},{"taxonomy":"product_tag","embeddable":true,"href":"https:\/\/www.eestimaitse.ee\/en\/wp-json\/wp\/v2\/product_tag?post=6525"}],"curies":[{"name":"wp","href":"https:\/\/api.w.org\/{rel}","templated":true}]}}