{"id":5722,"date":"2021-03-12T08:20:13","date_gmt":"2021-03-12T06:20:13","guid":{"rendered":"https:\/\/www.eestimaitse.ee\/?post_type=product&#038;p=5722"},"modified":"2026-04-20T17:13:30","modified_gmt":"2026-04-20T14:13:30","slug":"heido","status":"publish","type":"product","link":"https:\/\/www.eestimaitse.ee\/en\/product\/uudistooted\/heido\/","title":{"rendered":"Heido"},"content":{"rendered":"<p>Pudeli maht 0,5L, sisaldab 40g \u00fcrdisegu:<br \/>\nKasutamisjuhend: Eliksiiri valmistamiseks valage viin v\u00f5i kuni 60% piiritus \u00fcrdisegule ja laske n\u00e4dalajagu seista.<\/p>\n","protected":false},"excerpt":{"rendered":"<p>Koostis. Araabika kohvioad,kaneelikoor,sidrunikoor,koriander ja ingver<\/p>\n","protected":false},"featured_media":7235,"comment_status":"open","ping_status":"closed","template":"","meta":[],"product_brand":[],"product_cat":[130],"product_tag":[],"class_list":{"0":"post-5722","1":"product","2":"type-product","3":"status-publish","4":"has-post-thumbnail","6":"product_cat-uudistooted","8":"first","9":"instock","10":"taxable","11":"shipping-taxable","12":"purchasable","13":"product-type-simple"},"_links":{"self":[{"href":"https:\/\/www.eestimaitse.ee\/en\/wp-json\/wp\/v2\/product\/5722","targetHints":{"allow":["GET"]}}],"collection":[{"href":"https:\/\/www.eestimaitse.ee\/en\/wp-json\/wp\/v2\/product"}],"about":[{"href":"https:\/\/www.eestimaitse.ee\/en\/wp-json\/wp\/v2\/types\/product"}],"replies":[{"embeddable":true,"href":"https:\/\/www.eestimaitse.ee\/en\/wp-json\/wp\/v2\/comments?post=5722"}],"wp:featuredmedia":[{"embeddable":true,"href":"https:\/\/www.eestimaitse.ee\/en\/wp-json\/wp\/v2\/media\/7235"}],"wp:attachment":[{"href":"https:\/\/www.eestimaitse.ee\/en\/wp-json\/wp\/v2\/media?parent=5722"}],"wp:term":[{"taxonomy":"product_brand","embeddable":true,"href":"https:\/\/www.eestimaitse.ee\/en\/wp-json\/wp\/v2\/product_brand?post=5722"},{"taxonomy":"product_cat","embeddable":true,"href":"https:\/\/www.eestimaitse.ee\/en\/wp-json\/wp\/v2\/product_cat?post=5722"},{"taxonomy":"product_tag","embeddable":true,"href":"https:\/\/www.eestimaitse.ee\/en\/wp-json\/wp\/v2\/product_tag?post=5722"}],"curies":[{"name":"wp","href":"https:\/\/api.w.org\/{rel}","templated":true}]}}