{"id":5718,"date":"2021-03-12T08:14:57","date_gmt":"2021-03-12T06:14:57","guid":{"rendered":"https:\/\/www.eestimaitse.ee\/?post_type=product&#038;p=5718"},"modified":"2026-04-20T17:14:19","modified_gmt":"2026-04-20T14:14:19","slug":"krista","status":"publish","type":"product","link":"https:\/\/www.eestimaitse.ee\/en\/product\/uudistooted\/krista\/","title":{"rendered":"Krista"},"content":{"rendered":"<p>Pudeli maht 0,5L, sisaldab 40g \u00fcrdisegu:<br \/>\nKasutamisjuhend: Eliksiiri valmistamiseks valage viin v\u00f5i kuni 60% piiritus \u00fcrdisegule ja laske n\u00e4dalajagu seista.<\/p>\n","protected":false},"excerpt":{"rendered":"<p>Koostis. Araabika kohvioad,vaniljepulk,apelsinikoored,sidrunikoored ja kardemon<\/p>\n","protected":false},"featured_media":7233,"comment_status":"open","ping_status":"closed","template":"","meta":[],"product_brand":[],"product_cat":[130],"product_tag":[],"class_list":{"0":"post-5718","1":"product","2":"type-product","3":"status-publish","4":"has-post-thumbnail","6":"product_cat-uudistooted","8":"first","9":"instock","10":"taxable","11":"shipping-taxable","12":"purchasable","13":"product-type-simple"},"_links":{"self":[{"href":"https:\/\/www.eestimaitse.ee\/en\/wp-json\/wp\/v2\/product\/5718","targetHints":{"allow":["GET"]}}],"collection":[{"href":"https:\/\/www.eestimaitse.ee\/en\/wp-json\/wp\/v2\/product"}],"about":[{"href":"https:\/\/www.eestimaitse.ee\/en\/wp-json\/wp\/v2\/types\/product"}],"replies":[{"embeddable":true,"href":"https:\/\/www.eestimaitse.ee\/en\/wp-json\/wp\/v2\/comments?post=5718"}],"wp:featuredmedia":[{"embeddable":true,"href":"https:\/\/www.eestimaitse.ee\/en\/wp-json\/wp\/v2\/media\/7233"}],"wp:attachment":[{"href":"https:\/\/www.eestimaitse.ee\/en\/wp-json\/wp\/v2\/media?parent=5718"}],"wp:term":[{"taxonomy":"product_brand","embeddable":true,"href":"https:\/\/www.eestimaitse.ee\/en\/wp-json\/wp\/v2\/product_brand?post=5718"},{"taxonomy":"product_cat","embeddable":true,"href":"https:\/\/www.eestimaitse.ee\/en\/wp-json\/wp\/v2\/product_cat?post=5718"},{"taxonomy":"product_tag","embeddable":true,"href":"https:\/\/www.eestimaitse.ee\/en\/wp-json\/wp\/v2\/product_tag?post=5718"}],"curies":[{"name":"wp","href":"https:\/\/api.w.org\/{rel}","templated":true}]}}