{"id":5581,"date":"2021-01-08T14:41:48","date_gmt":"2021-01-08T12:41:48","guid":{"rendered":"https:\/\/www.eestimaitse.ee\/?post_type=product&#038;p=5581"},"modified":"2026-04-22T18:25:55","modified_gmt":"2026-04-22T15:25:55","slug":"toelisele-mehele","status":"publish","type":"product","link":"https:\/\/www.eestimaitse.ee\/en\/product\/men\/toelisele-mehele\/","title":{"rendered":"T\u00f5elisele mehele"},"content":{"rendered":"<p>Pudeli maht 0,5L, sisaldab 40g \u00fcrdisegu<br \/>\nKasutamisjuhend: eliksiiri valmistamiseks valage viin v\u00f5i piiritus \u00fcrdisegule ja laske n\u00e4dalajagu seista<\/p>\n","protected":false},"excerpt":{"rendered":"<p>erinevad \u00fcrdisegud meie valikust !<\/p>\n","protected":false},"featured_media":7264,"comment_status":"open","ping_status":"closed","template":"","meta":[],"product_brand":[],"product_cat":[90],"product_tag":[],"class_list":{"0":"post-5581","1":"product","2":"type-product","3":"status-publish","4":"has-post-thumbnail","6":"product_cat-meestele","8":"first","9":"instock","10":"taxable","11":"shipping-taxable","12":"purchasable","13":"product-type-simple"},"_links":{"self":[{"href":"https:\/\/www.eestimaitse.ee\/en\/wp-json\/wp\/v2\/product\/5581","targetHints":{"allow":["GET"]}}],"collection":[{"href":"https:\/\/www.eestimaitse.ee\/en\/wp-json\/wp\/v2\/product"}],"about":[{"href":"https:\/\/www.eestimaitse.ee\/en\/wp-json\/wp\/v2\/types\/product"}],"replies":[{"embeddable":true,"href":"https:\/\/www.eestimaitse.ee\/en\/wp-json\/wp\/v2\/comments?post=5581"}],"wp:featuredmedia":[{"embeddable":true,"href":"https:\/\/www.eestimaitse.ee\/en\/wp-json\/wp\/v2\/media\/7264"}],"wp:attachment":[{"href":"https:\/\/www.eestimaitse.ee\/en\/wp-json\/wp\/v2\/media?parent=5581"}],"wp:term":[{"taxonomy":"product_brand","embeddable":true,"href":"https:\/\/www.eestimaitse.ee\/en\/wp-json\/wp\/v2\/product_brand?post=5581"},{"taxonomy":"product_cat","embeddable":true,"href":"https:\/\/www.eestimaitse.ee\/en\/wp-json\/wp\/v2\/product_cat?post=5581"},{"taxonomy":"product_tag","embeddable":true,"href":"https:\/\/www.eestimaitse.ee\/en\/wp-json\/wp\/v2\/product_tag?post=5581"}],"curies":[{"name":"wp","href":"https:\/\/api.w.org\/{rel}","templated":true}]}}