{"id":5578,"date":"2021-01-08T14:36:43","date_gmt":"2021-01-08T12:36:43","guid":{"rendered":"https:\/\/www.eestimaitse.ee\/?post_type=product&#038;p=5578"},"modified":"2026-04-22T17:40:31","modified_gmt":"2026-04-22T14:40:31","slug":"lemmik-mehele","status":"publish","type":"product","link":"https:\/\/www.eestimaitse.ee\/en\/product\/men\/lemmik-mehele\/","title":{"rendered":"Lemmik mehele"},"content":{"rendered":"<p>Pudeli maht 0,5L, sisaldab 40g \u00fcrdisegu<br \/>\nKasutamisjuhend: eliksiiri valmistamiseks valage viin v\u00f5i piiritus \u00fcrdisegule ja laske n\u00e4dalajagu seista<\/p>\n","protected":false},"excerpt":{"rendered":"<p>erinevad \u00fcrdisegud meie valikust!<\/p>\n","protected":false},"featured_media":7256,"comment_status":"open","ping_status":"closed","template":"","meta":[],"product_brand":[],"product_cat":[90],"product_tag":[],"class_list":{"0":"post-5578","1":"product","2":"type-product","3":"status-publish","4":"has-post-thumbnail","6":"product_cat-meestele","8":"first","9":"instock","10":"taxable","11":"shipping-taxable","12":"purchasable","13":"product-type-simple"},"_links":{"self":[{"href":"https:\/\/www.eestimaitse.ee\/en\/wp-json\/wp\/v2\/product\/5578","targetHints":{"allow":["GET"]}}],"collection":[{"href":"https:\/\/www.eestimaitse.ee\/en\/wp-json\/wp\/v2\/product"}],"about":[{"href":"https:\/\/www.eestimaitse.ee\/en\/wp-json\/wp\/v2\/types\/product"}],"replies":[{"embeddable":true,"href":"https:\/\/www.eestimaitse.ee\/en\/wp-json\/wp\/v2\/comments?post=5578"}],"wp:featuredmedia":[{"embeddable":true,"href":"https:\/\/www.eestimaitse.ee\/en\/wp-json\/wp\/v2\/media\/7256"}],"wp:attachment":[{"href":"https:\/\/www.eestimaitse.ee\/en\/wp-json\/wp\/v2\/media?parent=5578"}],"wp:term":[{"taxonomy":"product_brand","embeddable":true,"href":"https:\/\/www.eestimaitse.ee\/en\/wp-json\/wp\/v2\/product_brand?post=5578"},{"taxonomy":"product_cat","embeddable":true,"href":"https:\/\/www.eestimaitse.ee\/en\/wp-json\/wp\/v2\/product_cat?post=5578"},{"taxonomy":"product_tag","embeddable":true,"href":"https:\/\/www.eestimaitse.ee\/en\/wp-json\/wp\/v2\/product_tag?post=5578"}],"curies":[{"name":"wp","href":"https:\/\/api.w.org\/{rel}","templated":true}]}}