{"id":5572,"date":"2021-01-08T14:32:15","date_gmt":"2021-01-08T12:32:15","guid":{"rendered":"https:\/\/www.eestimaitse.ee\/?post_type=product&#038;p=5572"},"modified":"2026-04-21T17:25:29","modified_gmt":"2026-04-21T14:25:29","slug":"targale-mehele","status":"publish","type":"product","link":"https:\/\/www.eestimaitse.ee\/en\/product\/men\/targale-mehele\/","title":{"rendered":"Targale mehele"},"content":{"rendered":"<div id=\"product-5565\" class=\"product type-product post-5565 status-publish first instock product_cat-meestele has-post-thumbnail shipping-taxable purchasable product-type-simple\">\n<div class=\"woocommerce-tabs\">\n<div id=\"tab-description\" class=\"panel entry-content current\">\n<div class=\"row\">\n<div class=\"large-8 xlarge-6 large-centered xlarge-centered columns\">\n<p>Pudeli maht 0,5L, sisaldab 40g \u00fcrdisegu<br \/>\nKasutamisjuhend: eliksiiri valmistamiseks valage viin v\u00f5i piiritus \u00fcrdisegule ja laske n\u00e4dalajagu seista<\/p>\n<\/div>\n<\/div>\n<\/div>\n<\/div>\n<div class=\"row\">\n<div class=\"large-9 large-centered columns\"><\/div>\n<\/div>\n<\/div>\n<div class=\"row\">\n<div class=\"xlarge-9 xlarge-centered columns\"><\/div>\n<\/div>\n<div class=\"single_product_summary_related\">\n<div class=\"row\">\n<div class=\"xlarge-9 xlarge-centered columns\">\n<div class=\"row\">\n<div class=\"large-12 large-centered columns\">\n<section class=\"related products mobile-columns-1 on_screen\">\n<h2><\/h2>\n<\/section>\n<\/div>\n<\/div>\n<\/div>\n<\/div>\n<\/div>\n","protected":false},"excerpt":{"rendered":"<p>koostis kuivatatud ananass,kuivatatud sidrunikoored,kuivatatud ingver,r\u00f6stitud tsilli,pruun suhkur<\/p>\n","protected":false},"featured_media":7247,"comment_status":"open","ping_status":"closed","template":"","meta":[],"product_brand":[],"product_cat":[90],"product_tag":[],"class_list":{"0":"post-5572","1":"product","2":"type-product","3":"status-publish","4":"has-post-thumbnail","6":"product_cat-meestele","8":"first","9":"instock","10":"taxable","11":"shipping-taxable","12":"purchasable","13":"product-type-simple"},"_links":{"self":[{"href":"https:\/\/www.eestimaitse.ee\/en\/wp-json\/wp\/v2\/product\/5572","targetHints":{"allow":["GET"]}}],"collection":[{"href":"https:\/\/www.eestimaitse.ee\/en\/wp-json\/wp\/v2\/product"}],"about":[{"href":"https:\/\/www.eestimaitse.ee\/en\/wp-json\/wp\/v2\/types\/product"}],"replies":[{"embeddable":true,"href":"https:\/\/www.eestimaitse.ee\/en\/wp-json\/wp\/v2\/comments?post=5572"}],"wp:featuredmedia":[{"embeddable":true,"href":"https:\/\/www.eestimaitse.ee\/en\/wp-json\/wp\/v2\/media\/7247"}],"wp:attachment":[{"href":"https:\/\/www.eestimaitse.ee\/en\/wp-json\/wp\/v2\/media?parent=5572"}],"wp:term":[{"taxonomy":"product_brand","embeddable":true,"href":"https:\/\/www.eestimaitse.ee\/en\/wp-json\/wp\/v2\/product_brand?post=5572"},{"taxonomy":"product_cat","embeddable":true,"href":"https:\/\/www.eestimaitse.ee\/en\/wp-json\/wp\/v2\/product_cat?post=5572"},{"taxonomy":"product_tag","embeddable":true,"href":"https:\/\/www.eestimaitse.ee\/en\/wp-json\/wp\/v2\/product_tag?post=5572"}],"curies":[{"name":"wp","href":"https:\/\/api.w.org\/{rel}","templated":true}]}}