{"id":5296,"date":"2020-08-17T01:54:54","date_gmt":"2020-08-16T22:54:54","guid":{"rendered":"https:\/\/www.eestimaitse.ee\/5296-2\/"},"modified":"2026-04-24T20:04:48","modified_gmt":"2026-04-24T17:04:48","slug":"5296-2","status":"publish","type":"page","link":"https:\/\/www.eestimaitse.ee\/en\/","title":{"rendered":""},"content":{"rendered":"\t\t<div data-elementor-type=\"wp-page\" data-elementor-id=\"5296\" class=\"elementor elementor-5296 elementor-4912\">\n\t\t\t\t\t\t<section class=\"elementor-section elementor-top-section elementor-element elementor-element-8ab5401 elementor-section-boxed elementor-section-height-default elementor-section-height-default elementor-invisible\" data-id=\"8ab5401\" data-element_type=\"section\" data-e-type=\"section\" data-settings=\"{&quot;animation&quot;:&quot;fadeIn&quot;}\">\n\t\t\t\t\t\t<div class=\"elementor-container elementor-column-gap-default\">\n\t\t\t\t\t<div class=\"elementor-column elementor-col-100 elementor-top-column elementor-element elementor-element-a41cecc\" data-id=\"a41cecc\" data-element_type=\"column\" data-e-type=\"column\">\n\t\t\t<div class=\"elementor-widget-wrap elementor-element-populated\">\n\t\t\t\t\t\t<div class=\"elementor-element elementor-element-0953c2b elementor-widget elementor-widget-image\" data-id=\"0953c2b\" data-element_type=\"widget\" data-e-type=\"widget\" data-widget_type=\"image.default\">\n\t\t\t\t<div class=\"elementor-widget-container\">\n\t\t\t\t\t\t\t\t\t\t\t\t\t\t\t<img fetchpriority=\"high\" decoding=\"async\" width=\"1280\" height=\"847\" src=\"https:\/\/www.eestimaitse.ee\/wp-content\/uploads\/2020\/07\/olive-oil-tomatoes-basil-1412361.jpg\" class=\"attachment-2048x2048 size-2048x2048 wp-image-7067\" alt=\"olive oil, tomatoes, basil\" srcset=\"https:\/\/www.eestimaitse.ee\/wp-content\/uploads\/2020\/07\/olive-oil-tomatoes-basil-1412361.jpg 1280w, https:\/\/www.eestimaitse.ee\/wp-content\/uploads\/2020\/07\/olive-oil-tomatoes-basil-1412361-920x609.jpg 920w, https:\/\/www.eestimaitse.ee\/wp-content\/uploads\/2020\/07\/olive-oil-tomatoes-basil-1412361-300x199.jpg 300w, https:\/\/www.eestimaitse.ee\/wp-content\/uploads\/2020\/07\/olive-oil-tomatoes-basil-1412361-1024x678.jpg 1024w, https:\/\/www.eestimaitse.ee\/wp-content\/uploads\/2020\/07\/olive-oil-tomatoes-basil-1412361-768x508.jpg 768w\" sizes=\"(max-width: 1280px) 100vw, 1280px\" \/>\t\t\t\t\t\t\t\t\t\t\t\t\t\t\t<\/div>\n\t\t\t\t<\/div>\n\t\t\t\t\t<\/div>\n\t\t<\/div>\n\t\t\t\t\t<\/div>\n\t\t<\/section>\n\t\t\t\t<section class=\"elementor-section elementor-top-section elementor-element elementor-element-a584ef8 elementor-section-content-middle elementor-reverse-mobile content-home elementor-section-height-min-height elementor-section-boxed elementor-section-height-default elementor-section-items-middle elementor-invisible\" data-id=\"a584ef8\" data-element_type=\"section\" data-e-type=\"section\" data-settings=\"{&quot;background_background&quot;:&quot;classic&quot;,&quot;animation&quot;:&quot;fadeIn&quot;}\">\n\t\t\t\t\t\t\t<div class=\"elementor-background-overlay\"><\/div>\n\t\t\t\t\t\t\t<div class=\"elementor-container elementor-column-gap-default\">\n\t\t\t\t\t<div class=\"elementor-column elementor-col-50 elementor-top-column elementor-element elementor-element-b7bcb4e\" data-id=\"b7bcb4e\" data-element_type=\"column\" data-e-type=\"column\">\n\t\t\t<div class=\"elementor-widget-wrap elementor-element-populated\">\n\t\t\t\t\t\t<div class=\"elementor-element elementor-element-8f517be elementor-arrows-position-inside elementor-pagination-position-outside elementor-widget elementor-widget-image-carousel\" data-id=\"8f517be\" data-element_type=\"widget\" data-e-type=\"widget\" data-settings=\"{&quot;slides_to_show&quot;:&quot;1&quot;,&quot;navigation&quot;:&quot;both&quot;,&quot;autoplay&quot;:&quot;yes&quot;,&quot;pause_on_hover&quot;:&quot;yes&quot;,&quot;pause_on_interaction&quot;:&quot;yes&quot;,&quot;autoplay_speed&quot;:5000,&quot;infinite&quot;:&quot;yes&quot;,&quot;effect&quot;:&quot;slide&quot;,&quot;speed&quot;:500}\" data-widget_type=\"image-carousel.default\">\n\t\t\t\t<div class=\"elementor-widget-container\">\n\t\t\t\t\t\t\t<div class=\"elementor-image-carousel-wrapper swiper\" role=\"region\" aria-roledescription=\"carousel\" aria-label=\"Image Carousel\" dir=\"ltr\">\n\t\t\t<div class=\"elementor-image-carousel swiper-wrapper\" aria-live=\"off\">\n\t\t\t\t\t\t\t\t<div class=\"swiper-slide\" role=\"group\" aria-roledescription=\"slide\" aria-label=\"1 of 5\"><a data-elementor-open-lightbox=\"yes\" data-elementor-lightbox-slideshow=\"8f517be\" data-elementor-lightbox-title=\"No01_w\" data-e-action-hash=\"#elementor-action%3Aaction%3Dlightbox%26settings%3DeyJpZCI6NzA2MiwidXJsIjoiaHR0cHM6XC9cL3d3dy5lZXN0aW1haXRzZS5lZVwvd3AtY29udGVudFwvdXBsb2Fkc1wvMjAyMFwvMDdcL05vMDFfdy5qcGciLCJzbGlkZXNob3ciOiI4ZjUxN2JlIn0%3D\" href=\"https:\/\/www.eestimaitse.ee\/eestimaitse\/tooted\/\"><figure class=\"swiper-slide-inner\"><img decoding=\"async\" class=\"swiper-slide-image\" src=\"https:\/\/www.eestimaitse.ee\/wp-content\/uploads\/2020\/07\/No01_w-768x768.jpg\" alt=\"1 on kindel, vaata aga, algab pikem numbrijada\" \/><figcaption class=\"elementor-image-carousel-caption\">1 on kindel, vaata aga, algab pikem numbrijada <\/figcaption><\/figure><\/a><\/div><div class=\"swiper-slide\" role=\"group\" aria-roledescription=\"slide\" aria-label=\"2 of 5\"><a data-elementor-open-lightbox=\"yes\" data-elementor-lightbox-slideshow=\"8f517be\" data-elementor-lightbox-title=\"No05_w\" data-e-action-hash=\"#elementor-action%3Aaction%3Dlightbox%26settings%3DeyJpZCI6NzA2MywidXJsIjoiaHR0cHM6XC9cL3d3dy5lZXN0aW1haXRzZS5lZVwvd3AtY29udGVudFwvdXBsb2Fkc1wvMjAyMFwvMDdcL05vMDVfdy5qcGciLCJzbGlkZXNob3ciOiI4ZjUxN2JlIn0%3D\" href=\"https:\/\/www.eestimaitse.ee\/eestimaitse\/tooted\/\"><figure class=\"swiper-slide-inner\"><img decoding=\"async\" class=\"swiper-slide-image\" src=\"https:\/\/www.eestimaitse.ee\/wp-content\/uploads\/2020\/07\/No05_w-768x768.jpg\" alt=\"L\u00e4hed k\u00fclla, m\u00f5ttekriis - kindel valik number 5\" \/><figcaption class=\"elementor-image-carousel-caption\">L\u00e4hed k\u00fclla, m\u00f5ttekriis - kindel valik number 5<\/figcaption><\/figure><\/a><\/div><div class=\"swiper-slide\" role=\"group\" aria-roledescription=\"slide\" aria-label=\"3 of 5\"><a data-elementor-open-lightbox=\"yes\" data-elementor-lightbox-slideshow=\"8f517be\" data-elementor-lightbox-title=\"No06_w\" data-e-action-hash=\"#elementor-action%3Aaction%3Dlightbox%26settings%3DeyJpZCI6NzA2NCwidXJsIjoiaHR0cHM6XC9cL3d3dy5lZXN0aW1haXRzZS5lZVwvd3AtY29udGVudFwvdXBsb2Fkc1wvMjAyMFwvMDdcL05vMDZfdy5qcGciLCJzbGlkZXNob3ciOiI4ZjUxN2JlIn0%3D\" href=\"https:\/\/www.eestimaitse.ee\/eestimaitse\/tooted\/\"><figure class=\"swiper-slide-inner\"><img decoding=\"async\" class=\"swiper-slide-image\" src=\"https:\/\/www.eestimaitse.ee\/wp-content\/uploads\/2020\/07\/No06_w-768x768.jpg\" alt=\"Kui tahad elult miskit uut, siis vaata kindlalt number 6\" \/><figcaption class=\"elementor-image-carousel-caption\">Kui tahad elult miskit uut, siis vaata kindlalt number 6<\/figcaption><\/figure><\/a><\/div><div class=\"swiper-slide\" role=\"group\" aria-roledescription=\"slide\" aria-label=\"4 of 5\"><a data-elementor-open-lightbox=\"yes\" data-elementor-lightbox-slideshow=\"8f517be\" data-elementor-lightbox-title=\"No07_w\" data-e-action-hash=\"#elementor-action%3Aaction%3Dlightbox%26settings%3DeyJpZCI6NzA2NSwidXJsIjoiaHR0cHM6XC9cL3d3dy5lZXN0aW1haXRzZS5lZVwvd3AtY29udGVudFwvdXBsb2Fkc1wvMjAyMFwvMDdcL05vMDdfdy5qcGciLCJzbGlkZXNob3ciOiI4ZjUxN2JlIn0%3D\" href=\"https:\/\/www.eestimaitse.ee\/eestimaitse\/tooted\/\"><figure class=\"swiper-slide-inner\"><img decoding=\"async\" class=\"swiper-slide-image\" src=\"https:\/\/www.eestimaitse.ee\/wp-content\/uploads\/2020\/07\/No07_w-768x768.jpg\" alt=\"Tervisele parim kaitse on Eesti Maitselt number 7\" \/><figcaption class=\"elementor-image-carousel-caption\">Tervisele parim kaitse on Eesti Maitselt number 7<\/figcaption><\/figure><\/a><\/div><div class=\"swiper-slide\" role=\"group\" aria-roledescription=\"slide\" aria-label=\"5 of 5\"><a data-elementor-open-lightbox=\"yes\" data-elementor-lightbox-slideshow=\"8f517be\" data-elementor-lightbox-title=\"No08_w\" data-e-action-hash=\"#elementor-action%3Aaction%3Dlightbox%26settings%3DeyJpZCI6NzA2NiwidXJsIjoiaHR0cHM6XC9cL3d3dy5lZXN0aW1haXRzZS5lZVwvd3AtY29udGVudFwvdXBsb2Fkc1wvMjAyMFwvMDdcL05vMDhfdy5qcGciLCJzbGlkZXNob3ciOiI4ZjUxN2JlIn0%3D\" href=\"https:\/\/www.eestimaitse.ee\/eestimaitse\/tooted\/\"><figure class=\"swiper-slide-inner\"><img decoding=\"async\" class=\"swiper-slide-image\" src=\"https:\/\/www.eestimaitse.ee\/wp-content\/uploads\/2020\/07\/No08_w-768x768.jpg\" alt=\"Saad k\u00e4tte maitse maheda, kui v\u00f5tad letilt 8\" \/><figcaption class=\"elementor-image-carousel-caption\">Saad k\u00e4tte maitse maheda, kui v\u00f5tad letilt 8<\/figcaption><\/figure><\/a><\/div>\t\t\t<\/div>\n\t\t\t\t\t\t\t\t\t\t\t\t<div class=\"elementor-swiper-button elementor-swiper-button-prev\" role=\"button\" tabindex=\"0\">\n\t\t\t\t\t\t<i aria-hidden=\"true\" class=\"eicon-chevron-left\"><\/i>\t\t\t\t\t<\/div>\n\t\t\t\t\t<div class=\"elementor-swiper-button elementor-swiper-button-next\" role=\"button\" tabindex=\"0\">\n\t\t\t\t\t\t<i aria-hidden=\"true\" class=\"eicon-chevron-right\"><\/i>\t\t\t\t\t<\/div>\n\t\t\t\t\n\t\t\t\t\t\t\t\t\t<div class=\"swiper-pagination\"><\/div>\n\t\t\t\t\t\t\t\t\t<\/div>\n\t\t\t\t\t\t<\/div>\n\t\t\t\t<\/div>\n\t\t\t\t\t<\/div>\n\t\t<\/div>\n\t\t\t\t<div class=\"elementor-column elementor-col-50 elementor-top-column elementor-element elementor-element-39d5465\" data-id=\"39d5465\" data-element_type=\"column\" data-e-type=\"column\">\n\t\t\t<div class=\"elementor-widget-wrap elementor-element-populated\">\n\t\t\t\t\t\t<section class=\"elementor-section elementor-inner-section elementor-element elementor-element-f6dcef6 elementor-section-boxed elementor-section-height-default elementor-section-height-default\" data-id=\"f6dcef6\" data-element_type=\"section\" data-e-type=\"section\">\n\t\t\t\t\t\t<div class=\"elementor-container elementor-column-gap-default\">\n\t\t\t\t\t<div class=\"elementor-column elementor-col-100 elementor-inner-column elementor-element elementor-element-a9135ba\" data-id=\"a9135ba\" data-element_type=\"column\" data-e-type=\"column\">\n\t\t\t<div class=\"elementor-widget-wrap elementor-element-populated\">\n\t\t\t\t\t\t<div class=\"elementor-element elementor-element-ba0aafc elementor-widget elementor-widget-text-editor\" data-id=\"ba0aafc\" data-element_type=\"widget\" data-e-type=\"widget\" data-widget_type=\"text-editor.default\">\n\t\t\t\t<div class=\"elementor-widget-container\">\n\t\t\t\t\t\t\t\t\t<p>If you are visiting, on a birthday, anniversary or need a souvenir for your foreign friends, buy our herbal bottle. If you pour vodka or alcohol on oriental and Estonian-grown berries and herbs carefully selected by Eesti Maitse, an elixir will be prepared, which will cure you of mild colds and strengthen your immunity.<p> To make the elixir, pour the vodka or spirit into the herb mixture and let it stand for a week. Please let us know which number of bottle you&#8217;d prefer.<\/p>\t\t\t\t\t\t\t\t<\/div>\n\t\t\t\t<\/div>\n\t\t\t\t\t<\/div>\n\t\t<\/div>\n\t\t\t\t\t<\/div>\n\t\t<\/section>\n\t\t\t\t<div class=\"elementor-element elementor-element-4f57b37 elementor-align-center elementor-widget elementor-widget-button\" data-id=\"4f57b37\" data-element_type=\"widget\" data-e-type=\"widget\" data-widget_type=\"button.default\">\n\t\t\t\t<div class=\"elementor-widget-container\">\n\t\t\t\t\t\t\t\t\t<div class=\"elementor-button-wrapper\">\n\t\t\t\t\t<a class=\"elementor-button elementor-button-link elementor-size-md\" href=\"https:\/\/www.eestimaitse.ee\/eestimaitse\/tooted\/\">\n\t\t\t\t\t\t<span class=\"elementor-button-content-wrapper\">\n\t\t\t\t\t\t<span class=\"elementor-button-icon\">\n\t\t\t\t<i aria-hidden=\"true\" class=\"fas fa-shopping-cart\"><\/i>\t\t\t<\/span>\n\t\t\t\t\t\t\t\t\t<span class=\"elementor-button-text\">Shop<\/span>\n\t\t\t\t\t<\/span>\n\t\t\t\t\t<\/a>\n\t\t\t\t<\/div>\n\t\t\t\t\t\t\t\t<\/div>\n\t\t\t\t<\/div>\n\t\t\t\t\t<\/div>\n\t\t<\/div>\n\t\t\t\t\t<\/div>\n\t\t<\/section>\n\t\t\t\t<section class=\"elementor-section elementor-top-section elementor-element elementor-element-e30671f elementor-section-boxed elementor-section-height-default elementor-section-height-default elementor-invisible\" data-id=\"e30671f\" data-element_type=\"section\" data-e-type=\"section\" data-settings=\"{&quot;animation&quot;:&quot;fadeIn&quot;}\">\n\t\t\t\t\t\t<div class=\"elementor-container elementor-column-gap-default\">\n\t\t\t\t\t<div class=\"elementor-column elementor-col-100 elementor-top-column elementor-element elementor-element-d4ba60b\" data-id=\"d4ba60b\" data-element_type=\"column\" data-e-type=\"column\">\n\t\t\t<div class=\"elementor-widget-wrap elementor-element-populated\">\n\t\t\t\t\t\t<div class=\"elementor-element elementor-element-f774aba elementor-widget elementor-widget-image\" data-id=\"f774aba\" data-element_type=\"widget\" data-e-type=\"widget\" data-widget_type=\"image.default\">\n\t\t\t\t<div class=\"elementor-widget-container\">\n\t\t\t\t\t\t\t\t\t\t\t\t\t\t\t<img decoding=\"async\" width=\"768\" height=\"1152\" src=\"https:\/\/www.eestimaitse.ee\/wp-content\/uploads\/2026\/04\/ChatGPT-Image-20.-apr-2026-10_22_26-768x1152.png\" class=\"attachment-medium_large size-medium_large wp-image-7266\" alt=\"\" srcset=\"https:\/\/www.eestimaitse.ee\/wp-content\/uploads\/2026\/04\/ChatGPT-Image-20.-apr-2026-10_22_26-768x1152.png 768w, https:\/\/www.eestimaitse.ee\/wp-content\/uploads\/2026\/04\/ChatGPT-Image-20.-apr-2026-10_22_26-200x300.png 200w, https:\/\/www.eestimaitse.ee\/wp-content\/uploads\/2026\/04\/ChatGPT-Image-20.-apr-2026-10_22_26-683x1024.png 683w, https:\/\/www.eestimaitse.ee\/wp-content\/uploads\/2026\/04\/ChatGPT-Image-20.-apr-2026-10_22_26-920x1380.png 920w, https:\/\/www.eestimaitse.ee\/wp-content\/uploads\/2026\/04\/ChatGPT-Image-20.-apr-2026-10_22_26.png 1024w\" sizes=\"(max-width: 768px) 100vw, 768px\" \/>\t\t\t\t\t\t\t\t\t\t\t\t\t\t\t<\/div>\n\t\t\t\t<\/div>\n\t\t\t\t\t<\/div>\n\t\t<\/div>\n\t\t\t\t\t<\/div>\n\t\t<\/section>\n\t\t\t\t<\/div>\n\t\t","protected":false},"excerpt":{"rendered":"<p>1 on kindel, vaata aga, algab pikem numbrijada L\u00e4hed k\u00fclla, m\u00f5ttekriis &#8211; kindel valik number 5 Kui tahad elult miskit uut, siis vaata kindlalt number 6 Tervisele parim kaitse on Eesti Maitselt number 7 Saad k\u00e4tte maitse maheda, kui v\u00f5tad letilt 8 If you are visiting, on a birthday, anniversary or need a souvenir for [&hellip;]<\/p>\n","protected":false},"author":1,"featured_media":0,"parent":0,"menu_order":0,"comment_status":"closed","ping_status":"closed","template":"","meta":{"footnotes":""},"class_list":["post-5296","page","type-page","status-publish","hentry"],"_links":{"self":[{"href":"https:\/\/www.eestimaitse.ee\/en\/wp-json\/wp\/v2\/pages\/5296","targetHints":{"allow":["GET"]}}],"collection":[{"href":"https:\/\/www.eestimaitse.ee\/en\/wp-json\/wp\/v2\/pages"}],"about":[{"href":"https:\/\/www.eestimaitse.ee\/en\/wp-json\/wp\/v2\/types\/page"}],"author":[{"embeddable":true,"href":"https:\/\/www.eestimaitse.ee\/en\/wp-json\/wp\/v2\/users\/1"}],"replies":[{"embeddable":true,"href":"https:\/\/www.eestimaitse.ee\/en\/wp-json\/wp\/v2\/comments?post=5296"}],"version-history":[{"count":5,"href":"https:\/\/www.eestimaitse.ee\/en\/wp-json\/wp\/v2\/pages\/5296\/revisions"}],"predecessor-version":[{"id":7274,"href":"https:\/\/www.eestimaitse.ee\/en\/wp-json\/wp\/v2\/pages\/5296\/revisions\/7274"}],"wp:attachment":[{"href":"https:\/\/www.eestimaitse.ee\/en\/wp-json\/wp\/v2\/media?parent=5296"}],"curies":[{"name":"wp","href":"https:\/\/api.w.org\/{rel}","templated":true}]}}