{"id":5219,"date":"2020-08-17T00:59:22","date_gmt":"2020-08-16T21:59:22","guid":{"rendered":"https:\/\/www.eestimaitse.ee\/?page_id=5219"},"modified":"2023-05-19T12:44:43","modified_gmt":"2023-05-19T09:44:43","slug":"minu-lugu","status":"publish","type":"page","link":"https:\/\/www.eestimaitse.ee\/en\/minu-lugu\/","title":{"rendered":"Minu lugu"},"content":{"rendered":"\t\t<div data-elementor-type=\"wp-page\" data-elementor-id=\"5219\" class=\"elementor elementor-5219 elementor-4238\">\n\t\t\t\t\t\t<section class=\"elementor-section elementor-top-section elementor-element elementor-element-241dd36b elementor-section-boxed elementor-section-height-default elementor-section-height-default\" data-id=\"241dd36b\" data-element_type=\"section\" data-e-type=\"section\">\n\t\t\t\t\t\t<div class=\"elementor-container elementor-column-gap-default\">\n\t\t\t\t\t<div class=\"elementor-column elementor-col-100 elementor-top-column elementor-element elementor-element-1ffe2bd4\" data-id=\"1ffe2bd4\" data-element_type=\"column\" data-e-type=\"column\">\n\t\t\t<div class=\"elementor-widget-wrap elementor-element-populated\">\n\t\t\t\t\t\t<div class=\"elementor-element elementor-element-66a76f96 elementor-widget elementor-widget-text-editor\" data-id=\"66a76f96\" data-element_type=\"widget\" data-e-type=\"widget\" data-widget_type=\"text-editor.default\">\n\t\t\t\t<div class=\"elementor-widget-container\">\n\t\t\t\t\t\t\t\t\t<div class=\"brz-root__container brz-reset-all\"><section id=\"tvvfkkkuefpbtfxuzufzfyqwuswojobffvzj\" class=\"brz-section brz-css-uimka brz-css-fwmcv\" data-uid=\"tvvfkkkuefpbtfxuzufzfyqwuswojobffvzj\"><div class=\"brz-section__items\"><div class=\"brz-section__content brz-section--fullWidth\" data-custom-id=\"fptyttwrewqmoifeelepohxmzhmnnbqmmpoj\"><div class=\"brz-bg brz-css-qhvpz brz-css-jzqgi\"><div class=\"brz-bg-content\"><div class=\"brz-container__wrap brz-css-yxyyj brz-css-upcyr\"><div class=\"brz-container brz-css-fbrhu\"><div class=\"brz-wrapper brz-css-lcdep\"><div class=\"brz-d-xs-flex brz-css-kfzst\"><div class=\"brz-rich-text\" data-custom-id=\"thucqxwoagmvpulllwtwhwlilitphtjjxyxd\"><p class=\"brz-fw-xs-im-500 brz-fw-sm-im-500 brz-fw-lg-500 brz-ls-xs-im-1 brz-ls-sm-im-1 brz-ls-lg-0_5 brz-fs-xs-im-35 brz-fs-sm-im-35 brz-fs-lg-36 brz-text-lg-center brz-ft-google brz-ff-montserrat brz-lh-xs-im-1_6 brz-lh-sm-im-1_6 brz-lh-lg-1_9\">\u00a0<\/p><\/div><\/div><\/div><div class=\"brz-row__container brz-css-mzpky\" data-custom-id=\"lomoruamsdixlcoviomvjvzunhpsblllvcft\"><div class=\"brz-bg brz-flex-xs-wrap brz-row__bg brz-css-ckvmw brz-css-alesj\"><div class=\"brz-bg-media\"><div class=\"brz-bg-color\">\u00a0<\/div><\/div><div class=\"brz-bg-content\"><div class=\"brz-row brz-css-tjtuu brz-css-qpskd\"><div class=\"brz-columns brz-css-kcoim brz-css-kpzxl\" data-custom-id=\"inpetvmqpsspealvrxdhfvxvvggiaszpcfea\"><div class=\"brz-bg brz-css-xwked brz-css-zzbcj\"><div class=\"brz-bg-content\"><div class=\"brz-wrapper brz-css-lcdep\"><div class=\"brz-d-xs-flex brz-css-kfzst brz-css-rpyer\"><div class=\"brz-rich-text\" data-custom-id=\"ifrbqfbqudyvqlopdlironhbpfvpgatgdvhd\"><p class=\"brz-lh-lg-1_9 brz-lh-sm-im-1_6 brz-lh-xs-im-1_6 brz-ls-lg-0 brz-ls-sm-im-0 brz-ls-xs-im-0 brz-ff-montserrat brz-ft-google brz-fw-lg-400 brz-fw-sm-im-400 brz-fw-xs-im-400 brz-fs-lg-14 brz-fs-sm-im-15 brz-fs-xs-im-15\"><span class=\"brz-cp-color2\">\u00dcrtidel ja taimedel on maagias v\u00e4ga eriline roll. Lisaks looduslikele raviomadustele on neil ka maagiline m\u00f5ju. Neist valmistatud eliksiiride tervendavat j\u00f5udu tunned Sa h\u00e4mmastavalt kiiresti. On see siis maagia v\u00f5i kingitus Maaemalt. Erinevaid eliksiiripudeleid on meil kaksk\u00fcmmend \u00fcks, sisu pole sama, aga tulemus \u00fcks!<\/span><\/p><p class=\"brz-lh-lg-1_9 brz-lh-sm-im-1_6 brz-lh-xs-im-1_6 brz-ls-lg-0 brz-ls-sm-im-0 brz-ls-xs-im-0 brz-ff-montserrat brz-ft-google brz-fw-lg-400 brz-fw-sm-im-400 brz-fw-xs-im-400 brz-fs-lg-14 brz-fs-sm-im-15 brz-fs-xs-im-15\"><span class=\"brz-cp-color2\"> Nii v\u00f5iks alustada meie lugu, mis sai tegelikult alguse p\u00f5gusast k\u00fclask\u00e4igust Rootsimaal asuvasse m\u00f5isasse, kus kasvatati maitsetaimi ja \u00fcrte kohaliku turu tarbeks. Aasta oli siis 2011 ja ma olin just alustanud oma transpordi ettev\u00f5ttega p\u00f5hjanaabrite juures Soomes. Hea suhtlejana sain \u00fcsna kiiresti firmale sellise hoo sisse, et klientide nappust ei olnud. V\u00f5iksin \u00e4ra mainida ka selle, et Soomet k\u00fclastanud riigitegelased ja oligarhid usaldasid end minu uhketesse bussidesse ja limusiinidesse ning olid igati teenusega rahul. Komandeeringud viisid mind isegi Lapimaale, kus h\u00e4rrad talvem\u00f5nusid ning J\u00f5uluvanaga isiklikult kohalikku gl\u00f6gi nautisid.<\/span><\/p><p class=\"brz-lh-lg-1_9 brz-lh-sm-im-1_6 brz-lh-xs-im-1_6 brz-ls-lg-0 brz-ls-sm-im-0 brz-ls-xs-im-0 brz-ff-montserrat brz-ft-google brz-fw-lg-400 brz-fw-sm-im-400 brz-fw-xs-im-400 brz-fs-lg-14 brz-fs-sm-im-15 brz-fs-xs-im-15\"><span class=\"brz-cp-color2\"> &#8230; j\u00e4tkame aga \u00fcrdisegudega, mille valmistamise ja turule toomise m\u00f5tted olid minu peas aastaid ideena m\u00f5lkunud. Valmistasin ja tarbisin ka ise aegajalt neid segusid kergemate k\u00fclmetushaiguste ja viiruste raviks, samuti minu perekond ja l\u00e4hedased said minu eliksiiridest abi.<\/span><\/p><p class=\"brz-lh-lg-1_9 brz-lh-sm-im-1_6 brz-lh-xs-im-1_6 brz-ls-lg-0 brz-ls-sm-im-0 brz-ls-xs-im-0 brz-ff-montserrat brz-ft-google brz-fw-lg-400 brz-fw-sm-im-400 brz-fw-xs-im-400 brz-fs-lg-14 brz-fs-sm-im-15 brz-fs-xs-im-15\"><span class=\"brz-cp-color2\">Aastal 2018 sai nii m\u00f6\u00f6daminnes domeen www.eestimaitse.ee\/eestimaitse enda nimele registreeritud ja tootearendus hakkas tasapisi pihta. P\u00f5himuredeks kvaliteetsete \u00fcrtide ja maitsetaimede leidmine ning pudeli disain. Raskeks tegi tooraine ja kvaliteetsete toodete hankimise see, et enamus Eesti tootjaid ei m\u00fc\u00fcgi toorainet vaid segavad ise trummip\u00f5rina saatel erinevaid segusid ja turustavad neid siis erinevates kaubanduskettides. Suure otsimise tulemusena leidsime l\u00f5puks v\u00e4ga ettev\u00f5tliku Marko, kes oli lahkesti n\u00f5us meile tegema erinevaid kodumaiseid kvaliteetseid maitsetaimi, puuvilju ja marju, et neid siis omakorda minu \u00fcrdipudelitesse poetada. Enamus \u00fcrtidest, mis annavad eliksiirile selle \u00f5ige toime, on loomulikult p\u00e4rit idamaadest ja need toimivad paraku paremini kui kaselehed v\u00f5i n\u00f5gesep\u00f5\u00f5sas. <\/span><\/p><p class=\"brz-lh-lg-1_9 brz-lh-sm-im-1_6 brz-lh-xs-im-1_6 brz-ls-lg-0 brz-ls-sm-im-0 brz-ls-xs-im-0 brz-ff-montserrat brz-ft-google brz-fw-lg-400 brz-fw-sm-im-400 brz-fw-xs-im-400 brz-fs-lg-14 brz-fs-sm-im-15 brz-fs-xs-im-15\"><span class=\"brz-cp-color2\">Tiksusin vaikselt selle fantastilise ideega kuni uksele koputas koroonapandeemia. Olin alguses isegi r\u00f5\u00f5mus, et saan \u00fcle hulga aja puhata, sest suvi, turistid ja kruiisilaevad olid minu p\u00f5hilised leiva lauale toojad. P\u00e4evapealt l\u00f5ppes turismi\u00e4ri ja ka tellimuss\u00f5idud said oma kurva l\u00f5pu. V\u00f5tsin siis oma armastatud ideepagasist Eesti Maitse alustades t\u00e4iesti uues valdkonnas t\u00e4iesti uskumatuna n\u00e4iva toote arendamisega, panin end proovile ja uskudes Eesti Maitse edusse, suutsin koos suurep\u00e4rase meekonnaga, kuhu kuuluvad meditsiinilise haridusega Krista Sepma ja n\u00fc\u00fcdseks minu \u00e4ripartneriks saanud disainer Mart Anderson, 21 p\u00e4evaga luua 21+10 innovaatilist toodet ning katsetada nende m\u00fc\u00fcki otse kliendile turgudel ja laatadel. M\u00fc\u00fck oli uudistoote jaoks peadp\u00f6\u00f6ritava tulemusega. Olime \u00f5nnestunud 100 protsendiliselt &#8230; j\u00e4rgnesid juba uute koost\u00f6\u00f6partnerite otsingud ja l\u00e4bir\u00e4\u00e4kimised koost\u00f6\u00f6partneritega, et p\u00e4\u00e4seda selle \u00fcliarmsa Eestimaa poodide lettidele. J\u00e4rgmisena lisanduvad meie valikusse \u00fcrdi\u00f5lid ja \u00fcrdi\u00e4\u00e4dikad ning vanni\u00fcrdid. Need on tootearenduse meeskonnal juba katsetatud ja valmis. Br\u00e4nde ja tooteid on veelgi ja nendega tutvumiseks peate j\u00e4lgima meid FB-s v\u00f5i instagrammis. <\/span><\/p><p class=\"brz-lh-lg-1_9 brz-lh-sm-im-1_6 brz-lh-xs-im-1_6 brz-ls-lg-0 brz-ls-sm-im-0 brz-ls-xs-im-0 brz-ff-montserrat brz-ft-google brz-fw-lg-400 brz-fw-sm-im-400 brz-fw-xs-im-400 brz-fs-lg-14 brz-fs-sm-im-15 brz-fs-xs-im-15\"><span class=\"brz-cp-color2\">N\u00fc\u00fcd aga minu partnerist Mardist, kellel on suur roll Eesti Maitse br\u00e4ndi ja disaini loomisel. Ta on minule ja Eesti Maitsele nagu hinge \u00f5nnistus. Aamen! <\/span><\/p><p class=\"brz-lh-lg-1_9 brz-lh-sm-im-1_6 brz-lh-xs-im-1_6 brz-ls-lg-0 brz-ls-sm-im-0 brz-ls-xs-im-0 brz-ff-montserrat brz-ft-google brz-fw-lg-400 brz-fw-sm-im-400 brz-fw-xs-im-400 brz-fs-lg-14 brz-fs-sm-im-15 brz-fs-xs-im-15\"><span class=\"brz-cp-color2\">T\u00e4nasel p\u00e4eval realiseerib Mart end graafilise disainerina k\u00f5ige rohkem t\u00fcpograafias. Ta on erinevaid \u015brifte joonistanud nii tellimust\u00f6\u00f6dena kui oma l\u00f5buks ja \u00f5petab seda ka Pallase tudengitele. Mitmed Taani ettev\u00f5tted kasutavad tema kujundatud kirjaperekondi oma firmagraafikas. Eesti on k\u00f5ige tuntum-n\u00e4htum Eesti jalgpalli rahvuskoondise tunnuskiri. Projektid, milles oma t\u00fcpograafilist potentsiaali rakendada, ajavad Mardi alati elevile. N\u00fc\u00fcdki polnud ta sugugi kindel, et etikettidele pilte \u00fcldse tarvis on. \u00dctles vaid, et paneme k\u00f5ik kirjad paika ja vaatame siis seda asja. Visioon oli pontsakatele pudelitele kujundada apteegilaadsed ja pisut ametlikud etiketid. Viimasel ajal on Mart vabadel hetkedel taastanud vanade fotode j\u00e4rgi Tallinna ennes\u00f5jaj\u00e4rgsete t\u00e4navasiltide kirjapilti, mis oli n\u00fc\u00fcd sobivalt proovimiseks v\u00f5tta. Eesti Maitse \u015brift lindi sees on l\u00fc\u00fcrilisem, teostatud juba aastate eest ja tuletatud G\u00fcnther Reindorfi poolt &#8220;Eesti rahva ennemuistsete juttude&#8221; tarbeks kujundatud pealkirjadest. Kui kirjade proportsioonid olid paika loksutatud, siis j\u00e4i veel \u00fcle mustvalgele kujundusele veidi v\u00e4rvi lisada, k\u00f5ikidele etikettidele tehnilised jutud paigutada ja v\u00f5iski sildid tr\u00fckikotta saata.<\/span><\/p><p class=\"brz-bcp-color2 brz-lh-lg-1_9 brz-lh-sm-im-1_6 brz-lh-xs-im-1_6 brz-fs-lg-14 brz-fs-sm-im-13 brz-fs-xs-im-13 brz-ls-lg-0 brz-ls-sm-im-0 brz-ls-xs-im-0 brz-ff-montserrat brz-ft-google brz-fw-lg-400 brz-fw-sm-im-400 brz-fw-xs-im-400 brz-text-lg-justify\"><span class=\"brz-cp-color2\">Austusega ja lugupidamisega,<\/span><\/p><p class=\"brz-bcp-color2 brz-lh-lg-1_9 brz-lh-sm-im-1_6 brz-lh-xs-im-1_6 brz-fs-lg-14 brz-fs-sm-im-13 brz-fs-xs-im-13 brz-ls-lg-0 brz-ls-sm-im-0 brz-ls-xs-im-0 brz-ff-montserrat brz-ft-google brz-fw-lg-400 brz-fw-sm-im-400 brz-fw-xs-im-400 brz-text-lg-justify\"><span class=\"brz-cp-color2\">Teie Eesti Maitse <\/span><\/p><\/div><\/div><\/div><\/div><\/div><\/div><\/div><\/div><\/div><\/div><\/div><\/div><\/div><\/div><\/div><\/div><\/section><section id=\"lzmsnouyzlccnahepxwjrydqsieukmcztugh\" class=\"brz-section brz-css-uimka\" data-uid=\"lzmsnouyzlccnahepxwjrydqsieukmcztugh\"><div class=\"brz-section__items\"><div class=\"brz-section__content brz-section--boxed\" data-custom-id=\"cynghvkmfftqpwfobovokdawxzlojdkffzkd\"><div class=\"brz-bg brz-css-qhvpz brz-css-dbmzk\"><div class=\"brz-bg-media\"><div class=\"brz-bg-color\">\u00a0<\/div><\/div><div class=\"brz-bg-content\"><div class=\"brz-container__wrap brz-css-yxyyj\"><div class=\"brz-container brz-css-fbrhu brz-css-enzre\"><div class=\"brz-wrapper brz-css-lcdep\"><div class=\"brz-d-xs-flex brz-css-kfzst brz-css-darde\"><div class=\"brz-spacer brz-css-xadvn brz-css-ysfxb\">\u00a0<\/div><\/div><\/div><div class=\"brz-row__container brz-css-mzpky\" data-custom-id=\"nzgvmqxmrmovavhijpffjcpqgkujnaeowjpk\"><div class=\"brz-bg brz-flex-xs-wrap brz-row__bg brz-css-ckvmw\"><div class=\"brz-bg-content\"><div class=\"brz-row brz-css-tjtuu brz-css-azced\"><div class=\"brz-columns brz-css-kcoim brz-css-hoapn\" data-custom-id=\"sycxtrltixqjsqmqownjjdssbgqctyjiytng\"><div class=\"brz-bg brz-css-xwked brz-css-baway\"><div class=\"brz-bg-media\"><div class=\"brz-bg-image\">\u00a0<\/div><\/div><div class=\"brz-bg-content\">\u00a0<\/div><\/div><\/div><div class=\"brz-columns brz-css-kcoim brz-css-mujvp\" data-custom-id=\"ddcrqzjgotuysrvdofihwciwnvwaesbjifkh\"><div class=\"brz-bg brz-css-xwked brz-css-xosyi\"><div class=\"brz-bg-media\"><div class=\"brz-bg-color\">\u00a0<\/div><\/div><div class=\"brz-bg-content\"><div class=\"brz-wrapper brz-css-lcdep\"><div class=\"brz-d-xs-flex brz-css-kfzst\"><div class=\"brz-rich-text\" data-custom-id=\"tidmxfobwlnijmpwowfhvhgivwkvrvxpqlst\"><p class=\"brz-fw-xs-im-400 brz-fw-sm-im-400 brz-fw-lg-400 brz-ft-google brz-ff-montserrat brz-ls-xs-im-0 brz-ls-sm-im-0 brz-ls-lg-0 brz-fs-xs-im-15 brz-fs-sm-im-15 brz-fs-lg-16 brz-lh-xs-im-1_6 brz-lh-sm-im-1_6 brz-lh-lg-1_9 brz-text-lg-left\">\u00a0<\/p><\/div><\/div><\/div><div class=\"brz-wrapper brz-css-lcdep brz-css-vwxva\"><div class=\"brz-d-xs-flex brz-css-kfzst brz-css-darde\"><div class=\"brz-spacer brz-css-xadvn brz-css-xopss\">\u00a0<\/div><\/div><\/div><div class=\"brz-wrapper brz-css-lcdep\"><div class=\"brz-d-xs-flex brz-css-kfzst brz-css-urnnt\"><div class=\"brz-rich-text\" data-custom-id=\"unzsndaukfxskrzzjnaztwicumknfwjbffcs\"><h4 class=\"brz-fw-xs-im-700 brz-fw-sm-im-700 brz-fw-lg-700 brz-ft-google brz-ff-montserrat brz-ls-xs-im-0 brz-ls-sm-im-m_0_5 brz-ls-lg-m_0_5 brz-fs-xs-im-20 brz-fs-sm-im-22 brz-fs-lg-22 brz-lh-xs-im-1_4 brz-lh-sm-im-1_4 brz-lh-lg-1_5\">\u00a0<\/h4><\/div><\/div><\/div><\/div><\/div><\/div><div class=\"brz-columns brz-css-kcoim brz-css-pckhi\" data-custom-id=\"ejkfameaefzrsyjhkrpnnadzpjytfonoglpp\"><div class=\"brz-bg brz-css-xwked brz-css-estln\"><div class=\"brz-bg-media\"><div class=\"brz-bg-image\">\u00a0<\/div><\/div><div class=\"brz-bg-content\">\u00a0<\/div><\/div><\/div><div class=\"brz-columns brz-css-kcoim brz-css-rdqzm\" data-custom-id=\"rlxubyjvmvkdgypdrmcrmsirdtratripteon\"><div class=\"brz-bg brz-css-xwked brz-css-fodlu\"><div class=\"brz-bg-media\"><div class=\"brz-bg-color\">\u00a0<\/div><\/div><div class=\"brz-bg-content\"><div class=\"brz-wrapper brz-css-lcdep brz-css-nfzet\"><div class=\"brz-d-xs-flex brz-css-kfzst brz-css-darde\"><div class=\"brz-spacer brz-css-xadvn brz-css-jvcnu\">\u00a0<\/div><\/div><\/div><div class=\"brz-wrapper brz-css-lcdep brz-css-odfpy\"><div class=\"brz-d-xs-flex brz-css-kfzst brz-css-darde\"><div class=\"brz-spacer brz-css-xadvn brz-css-jiflm\">\u00a0<\/div><\/div><\/div><div class=\"brz-wrapper brz-css-lcdep\"><div class=\"brz-d-xs-flex brz-css-kfzst\"><div class=\"brz-rich-text\" data-custom-id=\"kjnfdvrmnqainkljepypbzyprrpumquwdnld\"><p class=\"brz-tp-paragraph\">\u00a0<\/p><\/div><\/div><\/div><div class=\"brz-wrapper brz-css-lcdep\"><div class=\"brz-d-xs-flex brz-css-kfzst\"><div class=\"brz-rich-text\" data-custom-id=\"quonqkkkvngrjyfaldemwzsgnrxdeqrebrvf\"><p class=\"brz-tp-paragraph\">\u00a0<\/p><\/div><\/div><\/div><div class=\"brz-wrapper brz-css-lcdep\"><div class=\"brz-d-xs-flex brz-css-kfzst brz-css-fpvsz\"><div class=\"brz-rich-text\" data-custom-id=\"rgalzdvlkwdihsmyocyuvjxrfnudpkgoilxy\"><h4 class=\"brz-lh-lg-1_5 brz-lh-sm-im-1_4 brz-lh-xs-im-1_4 brz-fs-lg-22 brz-fs-sm-im-22 brz-fs-xs-im-20 brz-ls-lg-m_0_5 brz-ls-sm-im-m_0_5 brz-ls-xs-im-0 brz-ff-montserrat brz-ft-google brz-fw-lg-700 brz-fw-sm-im-700 brz-fw-xs-im-700\">\u00a0<\/h4><\/div><\/div><\/div><\/div><\/div><\/div><\/div><\/div><\/div><\/div><\/div><\/div><\/div><\/div><\/div><\/div><\/section><div class=\"brz-root__container-after\">\u00a0<\/div><\/div><p><\/p>\t\t\t\t\t\t\t\t<\/div>\n\t\t\t\t<\/div>\n\t\t\t\t\t<\/div>\n\t\t<\/div>\n\t\t\t\t\t<\/div>\n\t\t<\/section>\n\t\t\t\t<\/div>\n\t\t","protected":false},"excerpt":{"rendered":"<p>\u00a0 \u00a0 \u00dcrtidel ja taimedel on maagias v\u00e4ga eriline roll. Lisaks looduslikele raviomadustele on neil ka maagiline m\u00f5ju. Neist valmistatud eliksiiride tervendavat j\u00f5udu tunned Sa h\u00e4mmastavalt kiiresti. On see siis maagia v\u00f5i kingitus Maaemalt. Erinevaid eliksiiripudeleid on meil kaksk\u00fcmmend \u00fcks, sisu pole sama, aga tulemus \u00fcks! Nii v\u00f5iks alustada meie lugu, mis sai tegelikult alguse [&hellip;]<\/p>\n","protected":false},"author":1,"featured_media":0,"parent":0,"menu_order":0,"comment_status":"closed","ping_status":"closed","template":"","meta":{"footnotes":""},"class_list":["post-5219","page","type-page","status-publish","hentry"],"_links":{"self":[{"href":"https:\/\/www.eestimaitse.ee\/en\/wp-json\/wp\/v2\/pages\/5219","targetHints":{"allow":["GET"]}}],"collection":[{"href":"https:\/\/www.eestimaitse.ee\/en\/wp-json\/wp\/v2\/pages"}],"about":[{"href":"https:\/\/www.eestimaitse.ee\/en\/wp-json\/wp\/v2\/types\/page"}],"author":[{"embeddable":true,"href":"https:\/\/www.eestimaitse.ee\/en\/wp-json\/wp\/v2\/users\/1"}],"replies":[{"embeddable":true,"href":"https:\/\/www.eestimaitse.ee\/en\/wp-json\/wp\/v2\/comments?post=5219"}],"version-history":[{"count":5,"href":"https:\/\/www.eestimaitse.ee\/en\/wp-json\/wp\/v2\/pages\/5219\/revisions"}],"predecessor-version":[{"id":6393,"href":"https:\/\/www.eestimaitse.ee\/en\/wp-json\/wp\/v2\/pages\/5219\/revisions\/6393"}],"wp:attachment":[{"href":"https:\/\/www.eestimaitse.ee\/en\/wp-json\/wp\/v2\/media?parent=5219"}],"curies":[{"name":"wp","href":"https:\/\/api.w.org\/{rel}","templated":true}]}}